{"id":498,"date":"2024-03-04T09:43:26","date_gmt":"2024-03-04T09:43:26","guid":{"rendered":"http:\/\/argosurbanmobility.com\/team\/"},"modified":"2026-02-24T12:03:21","modified_gmt":"2026-02-24T12:03:21","slug":"gruppo","status":"publish","type":"page","link":"http:\/\/argosurbanmobility.com\/it\/gruppo\/","title":{"rendered":"Team"},"content":{"rendered":"\t\t<div data-elementor-type=\"wp-page\" data-elementor-id=\"498\" class=\"elementor elementor-498 elementor-183\" data-elementor-post-type=\"page\">\n\t\t\t\t\t\t<section class=\"elementor-section elementor-top-section elementor-element elementor-element-6e805291 elementor-section-content-middle elementor-section-full_width elementor-section-height-default elementor-section-height-default\" data-id=\"6e805291\" data-element_type=\"section\" data-e-type=\"section\">\n\t\t\t\t\t\t<div class=\"elementor-container elementor-column-gap-no\">\n\t\t\t\t\t<div class=\"elementor-column elementor-col-100 elementor-top-column elementor-element elementor-element-79433ded\" data-id=\"79433ded\" data-element_type=\"column\" data-e-type=\"column\">\n\t\t\t<div class=\"elementor-widget-wrap elementor-element-populated\">\n\t\t\t\t\t\t<div class=\"elementor-element elementor-element-2eed6103 elementor-widget elementor-widget-heading\" data-id=\"2eed6103\" data-element_type=\"widget\" data-e-type=\"widget\" data-widget_type=\"heading.default\">\n\t\t\t\t<div class=\"elementor-widget-container\">\n\t\t\t\t\t<h4 class=\"elementor-heading-title elementor-size-default\">Il nostro team<\/h4>\t\t\t\t<\/div>\n\t\t\t\t<\/div>\n\t\t\t\t<div class=\"elementor-element elementor-element-13455347 elementor-widget elementor-widget-text-editor\" data-id=\"13455347\" data-element_type=\"widget\" data-e-type=\"widget\" data-widget_type=\"text-editor.default\">\n\t\t\t\t<div class=\"elementor-widget-container\">\n\t\t\t\t\t\t\t\t\t<p>I responsabili del progetto<\/p>\n\t\t\t\t\t\t\t\t<\/div>\n\t\t\t\t<\/div>\n\t\t\t\t<section class=\"elementor-section elementor-inner-section elementor-element elementor-element-3d4f1f36 elementor-section-full_width elementor-section-height-default elementor-section-height-default\" data-id=\"3d4f1f36\" data-element_type=\"section\" data-e-type=\"section\">\n\t\t\t\t\t\t<div class=\"elementor-container elementor-column-gap-default\">\n\t\t\t\t\t<div class=\"elementor-column elementor-col-100 elementor-inner-column elementor-element elementor-element-3d0642d3\" data-id=\"3d0642d3\" data-element_type=\"column\" data-e-type=\"column\">\n\t\t\t<div class=\"elementor-widget-wrap elementor-element-populated\">\n\t\t\t\t\t\t<div class=\"elementor-element elementor-element-40fc6736 elementor-position-left elementor-vertical-align-middle elementor-widget elementor-widget-image-box\" data-id=\"40fc6736\" data-element_type=\"widget\" data-e-type=\"widget\" data-widget_type=\"image-box.default\">\n\t\t\t\t<div class=\"elementor-widget-container\">\n\t\t\t\t\t<div class=\"elementor-image-box-wrapper\"><figure class=\"elementor-image-box-img\"><img fetchpriority=\"high\" decoding=\"async\" width=\"300\" height=\"300\" src=\"https:\/\/argosurbanmobility.com\/wp-content\/uploads\/2025\/12\/1752845170738-300x300.jpg\" class=\"attachment-medium size-medium wp-image-5027\" alt=\"\" srcset=\"http:\/\/argosurbanmobility.com\/wp-content\/uploads\/2025\/12\/1752845170738-300x300.jpg 300w, http:\/\/argosurbanmobility.com\/wp-content\/uploads\/2025\/12\/1752845170738-150x150.jpg 150w, http:\/\/argosurbanmobility.com\/wp-content\/uploads\/2025\/12\/1752845170738.jpg 400w\" sizes=\"(max-width: 300px) 100vw, 300px\" \/><\/figure><div class=\"elementor-image-box-content\"><h3 class=\"elementor-image-box-title\">Raffaele Italiano<\/h3><p class=\"elementor-image-box-description\">Sviluppatore software<\/p><\/div><\/div>\t\t\t\t<\/div>\n\t\t\t\t<\/div>\n\t\t\t\t<div class=\"elementor-element elementor-element-2e493335 elementor-widget elementor-widget-text-editor\" data-id=\"2e493335\" data-element_type=\"widget\" data-e-type=\"widget\" data-widget_type=\"text-editor.default\">\n\t\t\t\t<div class=\"elementor-widget-container\">\n\t\t\t\t\t\t\t\t\t<p>Raffaele Italiano si \u00e8 laureato in Ingegneria Elettronica presso l&#8217;Universit\u00e0 della Calabria (Italia) e si occupa di sviluppo di software e firmware in sistemi embedded.<\/p>\t\t\t\t\t\t\t\t<\/div>\n\t\t\t\t<\/div>\n\t\t\t\t\t<\/div>\n\t\t<\/div>\n\t\t\t\t\t<\/div>\n\t\t<\/section>\n\t\t\t\t<section class=\"elementor-section elementor-inner-section elementor-element elementor-element-2796c88 elementor-section-full_width elementor-section-height-default elementor-section-height-default\" data-id=\"2796c88\" data-element_type=\"section\" data-e-type=\"section\">\n\t\t\t\t\t\t<div class=\"elementor-container elementor-column-gap-default\">\n\t\t\t\t\t<div class=\"elementor-column elementor-col-100 elementor-inner-column elementor-element elementor-element-88a07c3\" data-id=\"88a07c3\" data-element_type=\"column\" data-e-type=\"column\">\n\t\t\t<div class=\"elementor-widget-wrap elementor-element-populated\">\n\t\t\t\t\t\t<div class=\"elementor-element elementor-element-c6f3d2d elementor-position-right elementor-vertical-align-middle elementor-widget elementor-widget-image-box\" data-id=\"c6f3d2d\" data-element_type=\"widget\" data-e-type=\"widget\" data-widget_type=\"image-box.default\">\n\t\t\t\t<div class=\"elementor-widget-container\">\n\t\t\t\t\t<div class=\"elementor-image-box-wrapper\"><figure class=\"elementor-image-box-img\"><img decoding=\"async\" width=\"199\" height=\"300\" src=\"https:\/\/argosurbanmobility.com\/wp-content\/uploads\/2024\/03\/Francisco-199x300.jpg\" class=\"attachment-medium size-medium wp-image-175\" alt=\"\" srcset=\"http:\/\/argosurbanmobility.com\/wp-content\/uploads\/2024\/03\/Francisco-199x300.jpg 199w, http:\/\/argosurbanmobility.com\/wp-content\/uploads\/2024\/03\/Francisco.jpg 254w\" sizes=\"(max-width: 199px) 100vw, 199px\" \/><\/figure><div class=\"elementor-image-box-content\"><h3 class=\"elementor-image-box-title\">Francisco Ballester <\/h3><p class=\"elementor-image-box-description\">Direttore aggiunto dell'ETSIT per le cattedre di economia, occupazione e imprenditorialit\u00e0 (UPV).<\/p><\/div><\/div>\t\t\t\t<\/div>\n\t\t\t\t<\/div>\n\t\t\t\t<div class=\"elementor-element elementor-element-5ded502 elementor-widget elementor-widget-text-editor\" data-id=\"5ded502\" data-element_type=\"widget\" data-e-type=\"widget\" data-widget_type=\"text-editor.default\">\n\t\t\t\t<div class=\"elementor-widget-container\">\n\t\t\t\t\t\t\t\t\t<p>Francisco Ballester \u00e8 un esperto di imprenditorialit\u00e0 e trasferimento tecnologico dell&#8217;Universit\u00e0. Ha co-fondato l&#8217;azienda BALMART, uno dei primi spin-off di successo dell&#8217;UPV (investito da UNINVEST, ENISA, NEOTEC2, premio IDEAS 2008 per la migliore azienda di ricerca&#8230;) che si dedicava alla progettazione, alla produzione e al funzionamento di sistemi elettronici. Francisco insegna innovazione e creazione di modelli di business presso l&#8217;ETSIT e ha partecipato a pi\u00f9 di 50 contratti con aziende dell&#8217;UPV.  <\/p>\n\t\t\t\t\t\t\t\t<\/div>\n\t\t\t\t<\/div>\n\t\t\t\t\t<\/div>\n\t\t<\/div>\n\t\t\t\t\t<\/div>\n\t\t<\/section>\n\t\t\t\t<section class=\"elementor-section elementor-inner-section elementor-element elementor-element-8130435 elementor-section-full_width elementor-section-height-default elementor-section-height-default\" data-id=\"8130435\" data-element_type=\"section\" data-e-type=\"section\">\n\t\t\t\t\t\t<div class=\"elementor-container elementor-column-gap-default\">\n\t\t\t\t\t<div class=\"elementor-column elementor-col-100 elementor-inner-column elementor-element elementor-element-7f7e080\" data-id=\"7f7e080\" data-element_type=\"column\" data-e-type=\"column\">\n\t\t\t<div class=\"elementor-widget-wrap elementor-element-populated\">\n\t\t\t\t\t\t<div class=\"elementor-element elementor-element-4e0450a elementor-position-left elementor-vertical-align-middle elementor-widget elementor-widget-image-box\" data-id=\"4e0450a\" data-element_type=\"widget\" data-e-type=\"widget\" data-widget_type=\"image-box.default\">\n\t\t\t\t<div class=\"elementor-widget-container\">\n\t\t\t\t\t<div class=\"elementor-image-box-wrapper\"><figure class=\"elementor-image-box-img\"><img decoding=\"async\" width=\"300\" height=\"300\" src=\"https:\/\/argosurbanmobility.com\/wp-content\/uploads\/2024\/03\/Antonio-300x300.jpg\" class=\"attachment-medium size-medium wp-image-174\" alt=\"\" srcset=\"http:\/\/argosurbanmobility.com\/wp-content\/uploads\/2024\/03\/Antonio-300x300.jpg 300w, http:\/\/argosurbanmobility.com\/wp-content\/uploads\/2024\/03\/Antonio-150x150.jpg 150w, http:\/\/argosurbanmobility.com\/wp-content\/uploads\/2024\/03\/Antonio.jpg 400w\" sizes=\"(max-width: 300px) 100vw, 300px\" \/><\/figure><div class=\"elementor-image-box-content\"><h3 class=\"elementor-image-box-title\">Antonio Mart\u00ednez<\/h3><p class=\"elementor-image-box-description\">Ingegnere delle telecomunicazioni - Professore assistente<\/p><\/div><\/div>\t\t\t\t<\/div>\n\t\t\t\t<\/div>\n\t\t\t\t<div class=\"elementor-element elementor-element-d1e5e64 elementor-widget elementor-widget-text-editor\" data-id=\"d1e5e64\" data-element_type=\"widget\" data-e-type=\"widget\" data-widget_type=\"text-editor.default\">\n\t\t\t\t<div class=\"elementor-widget-container\">\n\t\t\t\t\t\t\t\t\t<p>Antonio Martinez \u00e8 stato il vincitore del primo concorso di idee innovative dell&#8217;UPV (49K), ha partecipato a numerose iniziative imprenditoriali (Summer School organizzate dalla IESE Business School, iDays dell&#8217;Istituto IDEAS).<\/p>\n<p>Antonio Martinez \u00e8 un professore assistente, ma con un background in materie legate alla creazione di imprese e all&#8217;imprenditorialit\u00e0. \u00c8 stato uno dei vincitori del concorso 49K nel 2011 e successivamente \u00e8 stato selezionato per i programmi di innovazione dell&#8217;EIT Health, del Cambridge Innovation Center ed \u00e8 stato mentore nelle giornate dell&#8217;innovazione dedicate agli studenti (IDEAS iDays). <\/p>\n\t\t\t\t\t\t\t\t<\/div>\n\t\t\t\t<\/div>\n\t\t\t\t<div class=\"elementor-element elementor-element-d7a0626 e-grid-align-right e-grid-align-mobile-center elementor-hidden-desktop elementor-hidden-tablet elementor-hidden-mobile elementor-shape-rounded elementor-grid-0 elementor-widget elementor-widget-social-icons\" data-id=\"d7a0626\" data-element_type=\"widget\" data-e-type=\"widget\" data-widget_type=\"social-icons.default\">\n\t\t\t\t<div class=\"elementor-widget-container\">\n\t\t\t\t\t\t\t<div class=\"elementor-social-icons-wrapper elementor-grid\" role=\"list\">\n\t\t\t\t\t\t\t<span class=\"elementor-grid-item\" role=\"listitem\">\n\t\t\t\t\t<a class=\"elementor-icon elementor-social-icon elementor-social-icon-facebook-f elementor-animation-grow elementor-repeater-item-8b93740\" target=\"_blank\">\n\t\t\t\t\t\t<span class=\"elementor-screen-only\">Facebook-f<\/span>\n\t\t\t\t\t\t<i aria-hidden=\"true\" class=\"fab fa-facebook-f\"><\/i>\t\t\t\t\t<\/a>\n\t\t\t\t<\/span>\n\t\t\t\t\t\t\t<span class=\"elementor-grid-item\" role=\"listitem\">\n\t\t\t\t\t<a class=\"elementor-icon elementor-social-icon elementor-social-icon-twitter elementor-animation-grow elementor-repeater-item-d2b7695\" target=\"_blank\">\n\t\t\t\t\t\t<span class=\"elementor-screen-only\">Twitter<\/span>\n\t\t\t\t\t\t<i aria-hidden=\"true\" class=\"fab fa-twitter\"><\/i>\t\t\t\t\t<\/a>\n\t\t\t\t<\/span>\n\t\t\t\t\t<\/div>\n\t\t\t\t\t\t<\/div>\n\t\t\t\t<\/div>\n\t\t\t\t\t<\/div>\n\t\t<\/div>\n\t\t\t\t\t<\/div>\n\t\t<\/section>\n\t\t\t\t<section class=\"elementor-section elementor-inner-section elementor-element elementor-element-c7c1dd6 elementor-section-full_width elementor-section-height-default elementor-section-height-default\" data-id=\"c7c1dd6\" data-element_type=\"section\" data-e-type=\"section\">\n\t\t\t\t\t\t<div class=\"elementor-container elementor-column-gap-default\">\n\t\t\t\t\t<div class=\"elementor-column elementor-col-100 elementor-inner-column elementor-element elementor-element-7a47a0f\" data-id=\"7a47a0f\" data-element_type=\"column\" data-e-type=\"column\">\n\t\t\t<div class=\"elementor-widget-wrap elementor-element-populated\">\n\t\t\t\t\t\t<div class=\"elementor-element elementor-element-fbe821f elementor-position-right elementor-vertical-align-middle elementor-widget elementor-widget-image-box\" data-id=\"fbe821f\" data-element_type=\"widget\" data-e-type=\"widget\" data-widget_type=\"image-box.default\">\n\t\t\t\t<div class=\"elementor-widget-container\">\n\t\t\t\t\t<div class=\"elementor-image-box-wrapper\"><figure class=\"elementor-image-box-img\"><img loading=\"lazy\" decoding=\"async\" width=\"200\" height=\"300\" src=\"https:\/\/argosurbanmobility.com\/wp-content\/uploads\/2024\/11\/IMG_6508-3-200x300.jpg\" class=\"attachment-medium size-medium wp-image-531\" alt=\"\" srcset=\"http:\/\/argosurbanmobility.com\/wp-content\/uploads\/2024\/11\/IMG_6508-3-200x300.jpg 200w, http:\/\/argosurbanmobility.com\/wp-content\/uploads\/2024\/11\/IMG_6508-3.jpg 533w\" sizes=\"(max-width: 200px) 100vw, 200px\" \/><\/figure><div class=\"elementor-image-box-content\"><h3 class=\"elementor-image-box-title\">Alfonso Tedesco<\/h3><p class=\"elementor-image-box-description\">Ingegnere Elettronco<\/p><\/div><\/div>\t\t\t\t<\/div>\n\t\t\t\t<\/div>\n\t\t\t\t<div class=\"elementor-element elementor-element-fd67e72 elementor-widget elementor-widget-text-editor\" data-id=\"fd67e72\" data-element_type=\"widget\" data-e-type=\"widget\" data-widget_type=\"text-editor.default\">\n\t\t\t\t<div class=\"elementor-widget-container\">\n\t\t\t\t\t\t\t\t\t<p>Alfonso Tedesco, laureato in Ingegneria Elettronica presso l&#8217;Universit\u00e0 della Calabria (Italia), dopo aver lavorato per tre anni nel gruppo di ricerca sui sistemi di controllo del traffico presso l&#8217;Universitat Polit\u00e8cnica de Val\u00e8ncia, dirige la parte tecnica del progetto ARGOS.<\/p>\n\t\t\t\t\t\t\t\t<\/div>\n\t\t\t\t<\/div>\n\t\t\t\t\t<\/div>\n\t\t<\/div>\n\t\t\t\t\t<\/div>\n\t\t<\/section>\n\t\t\t\t\t<\/div>\n\t\t<\/div>\n\t\t\t\t\t<\/div>\n\t\t<\/section>\n\t\t\t\t<\/div>\n\t\t","protected":false},"excerpt":{"rendered":"<p>Il nostro team I responsabili del progetto Raffaele Italiano Sviluppatore software Raffaele Italiano si \u00e8 laureato in Ingegneria Elettronica presso l&#8217;Universit\u00e0 della Calabria (Italia) e si occupa di sviluppo di software e firmware in sistemi embedded. Francisco Ballester Direttore aggiunto dell&#8217;ETSIT per le cattedre di economia, occupazione e imprenditorialit\u00e0 (UPV). Francisco Ballester \u00e8 un esperto [&hellip;]<\/p>\n","protected":false},"author":1,"featured_media":0,"parent":0,"menu_order":0,"comment_status":"closed","ping_status":"closed","template":"elementor_header_footer","meta":{"footnotes":""},"class_list":["post-498","page","type-page","status-publish","hentry"],"_links":{"self":[{"href":"http:\/\/argosurbanmobility.com\/it\/wp-json\/wp\/v2\/pages\/498","targetHints":{"allow":["GET"]}}],"collection":[{"href":"http:\/\/argosurbanmobility.com\/it\/wp-json\/wp\/v2\/pages"}],"about":[{"href":"http:\/\/argosurbanmobility.com\/it\/wp-json\/wp\/v2\/types\/page"}],"author":[{"embeddable":true,"href":"http:\/\/argosurbanmobility.com\/it\/wp-json\/wp\/v2\/users\/1"}],"replies":[{"embeddable":true,"href":"http:\/\/argosurbanmobility.com\/it\/wp-json\/wp\/v2\/comments?post=498"}],"version-history":[{"count":28,"href":"http:\/\/argosurbanmobility.com\/it\/wp-json\/wp\/v2\/pages\/498\/revisions"}],"predecessor-version":[{"id":5260,"href":"http:\/\/argosurbanmobility.com\/it\/wp-json\/wp\/v2\/pages\/498\/revisions\/5260"}],"wp:attachment":[{"href":"http:\/\/argosurbanmobility.com\/it\/wp-json\/wp\/v2\/media?parent=498"}],"curies":[{"name":"wp","href":"https:\/\/api.w.org\/{rel}","templated":true}]}}